{"id":32760,"date":"2022-07-12T15:09:13","date_gmt":"2022-07-12T13:09:13","guid":{"rendered":"https:\/\/www.grindleyimmo.com\/apartamentos\/"},"modified":"2024-03-22T16:12:14","modified_gmt":"2024-03-22T15:12:14","slug":"apartamentos-venta","status":"publish","type":"page","link":"https:\/\/www.grindleyimmo.com\/es\/apartamentos-venta\/","title":{"rendered":"Apartamentos en venta, Las Terrenas"},"content":{"rendered":"<p>La Rep\u00fablica Dominicana y su sol iluminando tus d\u00edas, sus aguas claras acariciando sus kil\u00f3metros de playas de arena fina&#8230; Haz de este panorama paradis\u00edaco tu nuevo hogar. Gracias a Greenland Immo, encuentre su propiedad excepcional, invirtiendo en un <strong>apartamento en venta en Las Terrenas<\/strong>. Conf\u00ede en nuestra experiencia y conocimiento de esta ciudad costera, para que pueda comprar una propiedad con seguridad y serenidad con nosotros. <strong>Nuestra misi\u00f3n: encontrarle la perla rara, el apartamento que siempre ha so\u00f1ado.<\/strong><\/p>\n","protected":false},"excerpt":{"rendered":"<p>La Rep\u00fablica Dominicana y su sol iluminando tus d\u00edas, sus aguas claras acariciando sus kil\u00f3metros de playas de arena fina&#8230; Haz de este panorama paradis\u00edaco tu nuevo hogar. Gracias a Greenland Immo, encuentre su propiedad excepcional, invirtiendo en un apartamento en venta en Las Terrenas. Conf\u00ede en nuestra experiencia y conocimiento de esta ciudad costera, para que pueda comprar una propiedad con seguridad y &#8230;<\/p>\n","protected":false},"author":1,"featured_media":0,"parent":0,"menu_order":0,"comment_status":"closed","ping_status":"closed","template":"property_list_directory.php","meta":{"_view_id":"","footnotes":""},"class_list":["post-32760","page","type-page","status-publish","hentry"],"yoast_head":"<!-- This site is optimized with the Yoast SEO plugin v24.0 - https:\/\/yoast.com\/wordpress\/plugins\/seo\/ -->\n<title>Apartamentos en venta, Las Terrenas en venta - Greenland Immo<\/title>\n<meta name=\"description\" content=\"Conf\u00ede en Greenland Immo para que le ayude a encontrar un apartamento en venta en Las Terrenas, Rep\u00fablica Dominicana. Nuestra agencia est\u00e1 a su servicio para ayudarle en todas sus operaciones.\" \/>\n<meta name=\"robots\" content=\"index, follow, max-snippet:-1, max-image-preview:large, max-video-preview:-1\" \/>\n<link rel=\"canonical\" href=\"https:\/\/www.grindleyimmo.com\/es\/apartamentos-venta\/\" \/>\n<meta property=\"og:locale\" content=\"es_ES\" \/>\n<meta property=\"og:type\" content=\"article\" \/>\n<meta property=\"og:title\" content=\"Apartamentos en venta, Las Terrenas en venta - Greenland Immo\" \/>\n<meta property=\"og:description\" content=\"Conf\u00ede en Greenland Immo para que le ayude a encontrar un apartamento en venta en Las Terrenas, Rep\u00fablica Dominicana. Nuestra agencia est\u00e1 a su servicio para ayudarle en todas sus operaciones.\" \/>\n<meta property=\"og:url\" content=\"https:\/\/www.grindleyimmo.com\/es\/apartamentos-venta\/\" \/>\n<meta property=\"og:site_name\" content=\"Greenland Immo\" \/>\n<meta property=\"article:modified_time\" content=\"2024-03-22T15:12:14+00:00\" \/>\n<meta name=\"twitter:label1\" content=\"Tiempo de lectura\" \/>\n\t<meta name=\"twitter:data1\" content=\"1 minuto\" \/>\n<script type=\"application\/ld+json\" class=\"yoast-schema-graph\">{\"@context\":\"https:\/\/schema.org\",\"@graph\":[{\"@type\":\"WebPage\",\"@id\":\"https:\/\/www.grindleyimmo.com\/es\/apartamentos-venta\/\",\"url\":\"https:\/\/www.grindleyimmo.com\/es\/apartamentos-venta\/\",\"name\":\"Apartamentos en venta, Las Terrenas en venta - Greenland Immo\",\"isPartOf\":{\"@id\":\"https:\/\/www.grindleyimmo.com\/es\/#website\"},\"datePublished\":\"2022-07-12T13:09:13+00:00\",\"dateModified\":\"2024-03-22T15:12:14+00:00\",\"description\":\"Conf\u00ede en Greenland Immo para que le ayude a encontrar un apartamento en venta en Las Terrenas, Rep\u00fablica Dominicana. Nuestra agencia est\u00e1 a su servicio para ayudarle en todas sus operaciones.\",\"inLanguage\":\"es\",\"potentialAction\":[{\"@type\":\"ReadAction\",\"target\":[\"https:\/\/www.grindleyimmo.com\/es\/apartamentos-venta\/\"]}]},{\"@type\":\"WebSite\",\"@id\":\"https:\/\/www.grindleyimmo.com\/es\/#website\",\"url\":\"https:\/\/www.grindleyimmo.com\/es\/\",\"name\":\"Greenland Immo\",\"description\":\"Un site utilisant WordPress\",\"potentialAction\":[{\"@type\":\"SearchAction\",\"target\":{\"@type\":\"EntryPoint\",\"urlTemplate\":\"https:\/\/www.grindleyimmo.com\/es\/?s={search_term_string}\"},\"query-input\":{\"@type\":\"PropertyValueSpecification\",\"valueRequired\":true,\"valueName\":\"search_term_string\"}}],\"inLanguage\":\"es\"}]}<\/script>\n<!-- \/ Yoast SEO plugin. -->","yoast_head_json":{"title":"Apartamentos en venta, Las Terrenas en venta - Greenland Immo","description":"Conf\u00ede en Greenland Immo para que le ayude a encontrar un apartamento en venta en Las Terrenas, Rep\u00fablica Dominicana. Nuestra agencia est\u00e1 a su servicio para ayudarle en todas sus operaciones.","robots":{"index":"index","follow":"follow","max-snippet":"max-snippet:-1","max-image-preview":"max-image-preview:large","max-video-preview":"max-video-preview:-1"},"canonical":"https:\/\/www.grindleyimmo.com\/es\/apartamentos-venta\/","og_locale":"es_ES","og_type":"article","og_title":"Apartamentos en venta, Las Terrenas en venta - Greenland Immo","og_description":"Conf\u00ede en Greenland Immo para que le ayude a encontrar un apartamento en venta en Las Terrenas, Rep\u00fablica Dominicana. Nuestra agencia est\u00e1 a su servicio para ayudarle en todas sus operaciones.","og_url":"https:\/\/www.grindleyimmo.com\/es\/apartamentos-venta\/","og_site_name":"Greenland Immo","article_modified_time":"2024-03-22T15:12:14+00:00","twitter_misc":{"Tiempo de lectura":"1 minuto"},"schema":{"@context":"https:\/\/schema.org","@graph":[{"@type":"WebPage","@id":"https:\/\/www.grindleyimmo.com\/es\/apartamentos-venta\/","url":"https:\/\/www.grindleyimmo.com\/es\/apartamentos-venta\/","name":"Apartamentos en venta, Las Terrenas en venta - Greenland Immo","isPartOf":{"@id":"https:\/\/www.grindleyimmo.com\/es\/#website"},"datePublished":"2022-07-12T13:09:13+00:00","dateModified":"2024-03-22T15:12:14+00:00","description":"Conf\u00ede en Greenland Immo para que le ayude a encontrar un apartamento en venta en Las Terrenas, Rep\u00fablica Dominicana. Nuestra agencia est\u00e1 a su servicio para ayudarle en todas sus operaciones.","inLanguage":"es","potentialAction":[{"@type":"ReadAction","target":["https:\/\/www.grindleyimmo.com\/es\/apartamentos-venta\/"]}]},{"@type":"WebSite","@id":"https:\/\/www.grindleyimmo.com\/es\/#website","url":"https:\/\/www.grindleyimmo.com\/es\/","name":"Greenland Immo","description":"Un site utilisant WordPress","potentialAction":[{"@type":"SearchAction","target":{"@type":"EntryPoint","urlTemplate":"https:\/\/www.grindleyimmo.com\/es\/?s={search_term_string}"},"query-input":{"@type":"PropertyValueSpecification","valueRequired":true,"valueName":"search_term_string"}}],"inLanguage":"es"}]}},"_links":{"self":[{"href":"https:\/\/www.grindleyimmo.com\/es\/wp-json\/wp\/v2\/pages\/32760","targetHints":{"allow":["GET"]}}],"collection":[{"href":"https:\/\/www.grindleyimmo.com\/es\/wp-json\/wp\/v2\/pages"}],"about":[{"href":"https:\/\/www.grindleyimmo.com\/es\/wp-json\/wp\/v2\/types\/page"}],"author":[{"embeddable":true,"href":"https:\/\/www.grindleyimmo.com\/es\/wp-json\/wp\/v2\/users\/1"}],"replies":[{"embeddable":true,"href":"https:\/\/www.grindleyimmo.com\/es\/wp-json\/wp\/v2\/comments?post=32760"}],"version-history":[{"count":1,"href":"https:\/\/www.grindleyimmo.com\/es\/wp-json\/wp\/v2\/pages\/32760\/revisions"}],"predecessor-version":[{"id":48576,"href":"https:\/\/www.grindleyimmo.com\/es\/wp-json\/wp\/v2\/pages\/32760\/revisions\/48576"}],"wp:attachment":[{"href":"https:\/\/www.grindleyimmo.com\/es\/wp-json\/wp\/v2\/media?parent=32760"}],"curies":[{"name":"wp","href":"https:\/\/api.w.org\/{rel}","templated":true}]}}