{"id":32761,"date":"2022-07-12T15:10:09","date_gmt":"2022-07-12T13:10:09","guid":{"rendered":"https:\/\/www.grindleyimmo.com\/negocios\/"},"modified":"2024-03-22T16:18:01","modified_gmt":"2024-03-22T15:18:01","slug":"tiendas","status":"publish","type":"page","link":"https:\/\/www.grindleyimmo.com\/es\/negocios\/","title":{"rendered":"Negocios"},"content":{"rendered":"<div class=\"term-content\">\n<p>Comprar un negocio o una propiedad es el sue\u00f1o de muchas personas. Sin embargo, el proceso puede parecer complicado si no se cuenta con orientaci\u00f3n. La agencia inmobiliaria Greenland Immo conoce perfectamente la legislaci\u00f3n inmobiliaria y el mercado local de la Rep\u00fablica Dominicana.<\/p>\n<\/div>\n","protected":false},"excerpt":{"rendered":"<p>Comprar un negocio o una propiedad es el sue\u00f1o de muchas personas. Sin embargo, el proceso puede parecer complicado si no se cuenta con orientaci\u00f3n. La agencia inmobiliaria Greenland Immo conoce perfectamente la legislaci\u00f3n inmobiliaria y el mercado local de la Rep\u00fablica Dominicana.<\/p>\n","protected":false},"author":1,"featured_media":0,"parent":0,"menu_order":0,"comment_status":"closed","ping_status":"closed","template":"property_list_directory.php","meta":{"_view_id":"","footnotes":""},"class_list":["post-32761","page","type-page","status-publish","hentry"],"yoast_head":"<!-- This site is optimized with the Yoast SEO plugin v24.0 - https:\/\/yoast.com\/wordpress\/plugins\/seo\/ -->\n<title>Negocios - Greenland Immo<\/title>\n<meta name=\"description\" content=\"Quiere cambiar su vida, escapar? Compre un negocio en Las Terrenas y deje que Greenland Immo le acompa\u00f1e en su proyecto.\" \/>\n<meta name=\"robots\" content=\"index, follow, max-snippet:-1, max-image-preview:large, max-video-preview:-1\" \/>\n<link rel=\"canonical\" href=\"https:\/\/www.grindleyimmo.com\/es\/negocios\/\" \/>\n<meta property=\"og:locale\" content=\"es_ES\" \/>\n<meta property=\"og:type\" content=\"article\" \/>\n<meta property=\"og:title\" content=\"Negocios - Greenland Immo\" \/>\n<meta property=\"og:description\" content=\"Quiere cambiar su vida, escapar? Compre un negocio en Las Terrenas y deje que Greenland Immo le acompa\u00f1e en su proyecto.\" \/>\n<meta property=\"og:url\" content=\"https:\/\/www.grindleyimmo.com\/es\/negocios\/\" \/>\n<meta property=\"og:site_name\" content=\"Greenland Immo\" \/>\n<meta property=\"article:modified_time\" content=\"2024-03-22T15:18:01+00:00\" \/>\n<meta name=\"twitter:label1\" content=\"Tiempo de lectura\" \/>\n\t<meta name=\"twitter:data1\" content=\"1 minuto\" \/>\n<script type=\"application\/ld+json\" class=\"yoast-schema-graph\">{\"@context\":\"https:\/\/schema.org\",\"@graph\":[{\"@type\":\"WebPage\",\"@id\":\"https:\/\/www.grindleyimmo.com\/es\/negocios\/\",\"url\":\"https:\/\/www.grindleyimmo.com\/es\/negocios\/\",\"name\":\"Negocios - Greenland Immo\",\"isPartOf\":{\"@id\":\"https:\/\/www.grindleyimmo.com\/es\/#website\"},\"datePublished\":\"2022-07-12T13:10:09+00:00\",\"dateModified\":\"2024-03-22T15:18:01+00:00\",\"description\":\"Quiere cambiar su vida, escapar? Compre un negocio en Las Terrenas y deje que Greenland Immo le acompa\u00f1e en su proyecto.\",\"inLanguage\":\"es\",\"potentialAction\":[{\"@type\":\"ReadAction\",\"target\":[\"https:\/\/www.grindleyimmo.com\/es\/negocios\/\"]}]},{\"@type\":\"WebSite\",\"@id\":\"https:\/\/www.grindleyimmo.com\/es\/#website\",\"url\":\"https:\/\/www.grindleyimmo.com\/es\/\",\"name\":\"Greenland Immo\",\"description\":\"Un site utilisant WordPress\",\"potentialAction\":[{\"@type\":\"SearchAction\",\"target\":{\"@type\":\"EntryPoint\",\"urlTemplate\":\"https:\/\/www.grindleyimmo.com\/es\/?s={search_term_string}\"},\"query-input\":{\"@type\":\"PropertyValueSpecification\",\"valueRequired\":true,\"valueName\":\"search_term_string\"}}],\"inLanguage\":\"es\"}]}<\/script>\n<!-- \/ Yoast SEO plugin. -->","yoast_head_json":{"title":"Negocios - Greenland Immo","description":"Quiere cambiar su vida, escapar? Compre un negocio en Las Terrenas y deje que Greenland Immo le acompa\u00f1e en su proyecto.","robots":{"index":"index","follow":"follow","max-snippet":"max-snippet:-1","max-image-preview":"max-image-preview:large","max-video-preview":"max-video-preview:-1"},"canonical":"https:\/\/www.grindleyimmo.com\/es\/negocios\/","og_locale":"es_ES","og_type":"article","og_title":"Negocios - Greenland Immo","og_description":"Quiere cambiar su vida, escapar? Compre un negocio en Las Terrenas y deje que Greenland Immo le acompa\u00f1e en su proyecto.","og_url":"https:\/\/www.grindleyimmo.com\/es\/negocios\/","og_site_name":"Greenland Immo","article_modified_time":"2024-03-22T15:18:01+00:00","twitter_misc":{"Tiempo de lectura":"1 minuto"},"schema":{"@context":"https:\/\/schema.org","@graph":[{"@type":"WebPage","@id":"https:\/\/www.grindleyimmo.com\/es\/negocios\/","url":"https:\/\/www.grindleyimmo.com\/es\/negocios\/","name":"Negocios - Greenland Immo","isPartOf":{"@id":"https:\/\/www.grindleyimmo.com\/es\/#website"},"datePublished":"2022-07-12T13:10:09+00:00","dateModified":"2024-03-22T15:18:01+00:00","description":"Quiere cambiar su vida, escapar? Compre un negocio en Las Terrenas y deje que Greenland Immo le acompa\u00f1e en su proyecto.","inLanguage":"es","potentialAction":[{"@type":"ReadAction","target":["https:\/\/www.grindleyimmo.com\/es\/negocios\/"]}]},{"@type":"WebSite","@id":"https:\/\/www.grindleyimmo.com\/es\/#website","url":"https:\/\/www.grindleyimmo.com\/es\/","name":"Greenland Immo","description":"Un site utilisant WordPress","potentialAction":[{"@type":"SearchAction","target":{"@type":"EntryPoint","urlTemplate":"https:\/\/www.grindleyimmo.com\/es\/?s={search_term_string}"},"query-input":{"@type":"PropertyValueSpecification","valueRequired":true,"valueName":"search_term_string"}}],"inLanguage":"es"}]}},"_links":{"self":[{"href":"https:\/\/www.grindleyimmo.com\/es\/wp-json\/wp\/v2\/pages\/32761","targetHints":{"allow":["GET"]}}],"collection":[{"href":"https:\/\/www.grindleyimmo.com\/es\/wp-json\/wp\/v2\/pages"}],"about":[{"href":"https:\/\/www.grindleyimmo.com\/es\/wp-json\/wp\/v2\/types\/page"}],"author":[{"embeddable":true,"href":"https:\/\/www.grindleyimmo.com\/es\/wp-json\/wp\/v2\/users\/1"}],"replies":[{"embeddable":true,"href":"https:\/\/www.grindleyimmo.com\/es\/wp-json\/wp\/v2\/comments?post=32761"}],"version-history":[{"count":1,"href":"https:\/\/www.grindleyimmo.com\/es\/wp-json\/wp\/v2\/pages\/32761\/revisions"}],"predecessor-version":[{"id":48582,"href":"https:\/\/www.grindleyimmo.com\/es\/wp-json\/wp\/v2\/pages\/32761\/revisions\/48582"}],"wp:attachment":[{"href":"https:\/\/www.grindleyimmo.com\/es\/wp-json\/wp\/v2\/media?parent=32761"}],"curies":[{"name":"wp","href":"https:\/\/api.w.org\/{rel}","templated":true}]}}