{"id":32772,"date":"2022-07-12T15:09:45","date_gmt":"2022-07-12T13:09:45","guid":{"rendered":"https:\/\/www.grindleyimmo.com\/terrenos\/"},"modified":"2024-03-22T16:14:48","modified_gmt":"2024-03-22T15:14:48","slug":"terrenos","status":"publish","type":"page","link":"https:\/\/www.grindleyimmo.com\/es\/terrenos-venta-las-terrenas\/","title":{"rendered":"Terrenos en venta en Las Terrenas"},"content":{"rendered":"<p>Tambi\u00e9n quieres tu parte del sue\u00f1o? Un lugar id\u00edlico y soleado, bordeado de playas de arena blanca y aguas turquesas. Piensa en las islas paradis\u00edacas y cree que est\u00e1n reservadas a una \u00e9lite? No es de extra\u00f1ar que, gracias a nuestra agencia inmobiliaria Greenland Immo, pueda convertirse en propietario de un magn\u00edfico <strong>terreno en Las Terrenas<\/strong>. Estamos a su lado para hacer realidad este sue\u00f1o. Cu\u00e1les son las ventajas de invertir en la Rep\u00fablica Dominicana ? Por qu\u00e9 confiar esta misi\u00f3n a nuestra agencia? Emb\u00e1rquese con nosotros en un destino excepcional.<\/p>\n","protected":false},"excerpt":{"rendered":"<p>Tambi\u00e9n quieres tu parte del sue\u00f1o? Un lugar id\u00edlico y soleado, bordeado de playas de arena blanca y aguas turquesas. Piensa en las islas paradis\u00edacas y cree que est\u00e1n reservadas a una \u00e9lite? No es de extra\u00f1ar que, gracias a nuestra agencia inmobiliaria Greenland Immo, pueda convertirse en propietario de un magn\u00edfico terreno en Las Terrenas. Estamos a su lado para hacer realidad este &#8230;<\/p>\n","protected":false},"author":1,"featured_media":0,"parent":0,"menu_order":0,"comment_status":"closed","ping_status":"closed","template":"property_list_directory.php","meta":{"_view_id":"","footnotes":""},"class_list":["post-32772","page","type-page","status-publish","hentry"],"yoast_head":"<!-- This site is optimized with the Yoast SEO plugin v24.0 - https:\/\/yoast.com\/wordpress\/plugins\/seo\/ -->\n<title>Terrenos en venta en Las Terrenas - Greenland Immo<\/title>\n<meta name=\"description\" content=\"Descubra nuestros terrenos en venta en Las Terrenas con la agencia Greenland Immo, su mejor socio en el sitio. Estamos aqu\u00ed para ayudarle a invertir en proyectos inmobiliarios en Las Terrenas, Rep\u00fablica Dominicana.\" \/>\n<meta name=\"robots\" content=\"index, follow, max-snippet:-1, max-image-preview:large, max-video-preview:-1\" \/>\n<link rel=\"canonical\" href=\"https:\/\/www.grindleyimmo.com\/es\/terrenos-venta-las-terrenas\/\" \/>\n<meta property=\"og:locale\" content=\"es_ES\" \/>\n<meta property=\"og:type\" content=\"article\" \/>\n<meta property=\"og:title\" content=\"Terrenos en venta en Las Terrenas - Greenland Immo\" \/>\n<meta property=\"og:description\" content=\"Descubra nuestros terrenos en venta en Las Terrenas con la agencia Greenland Immo, su mejor socio en el sitio. Estamos aqu\u00ed para ayudarle a invertir en proyectos inmobiliarios en Las Terrenas, Rep\u00fablica Dominicana.\" \/>\n<meta property=\"og:url\" content=\"https:\/\/www.grindleyimmo.com\/es\/terrenos-venta-las-terrenas\/\" \/>\n<meta property=\"og:site_name\" content=\"Greenland Immo\" \/>\n<meta property=\"article:modified_time\" content=\"2024-03-22T15:14:48+00:00\" \/>\n<meta name=\"twitter:label1\" content=\"Tiempo de lectura\" \/>\n\t<meta name=\"twitter:data1\" content=\"1 minuto\" \/>\n<script type=\"application\/ld+json\" class=\"yoast-schema-graph\">{\"@context\":\"https:\/\/schema.org\",\"@graph\":[{\"@type\":\"WebPage\",\"@id\":\"https:\/\/www.grindleyimmo.com\/es\/terrenos-venta-las-terrenas\/\",\"url\":\"https:\/\/www.grindleyimmo.com\/es\/terrenos-venta-las-terrenas\/\",\"name\":\"Terrenos en venta en Las Terrenas - Greenland Immo\",\"isPartOf\":{\"@id\":\"https:\/\/www.grindleyimmo.com\/es\/#website\"},\"datePublished\":\"2022-07-12T13:09:45+00:00\",\"dateModified\":\"2024-03-22T15:14:48+00:00\",\"description\":\"Descubra nuestros terrenos en venta en Las Terrenas con la agencia Greenland Immo, su mejor socio en el sitio. Estamos aqu\u00ed para ayudarle a invertir en proyectos inmobiliarios en Las Terrenas, Rep\u00fablica Dominicana.\",\"inLanguage\":\"es\",\"potentialAction\":[{\"@type\":\"ReadAction\",\"target\":[\"https:\/\/www.grindleyimmo.com\/es\/terrenos-venta-las-terrenas\/\"]}]},{\"@type\":\"WebSite\",\"@id\":\"https:\/\/www.grindleyimmo.com\/es\/#website\",\"url\":\"https:\/\/www.grindleyimmo.com\/es\/\",\"name\":\"Greenland Immo\",\"description\":\"Un site utilisant WordPress\",\"potentialAction\":[{\"@type\":\"SearchAction\",\"target\":{\"@type\":\"EntryPoint\",\"urlTemplate\":\"https:\/\/www.grindleyimmo.com\/es\/?s={search_term_string}\"},\"query-input\":{\"@type\":\"PropertyValueSpecification\",\"valueRequired\":true,\"valueName\":\"search_term_string\"}}],\"inLanguage\":\"es\"}]}<\/script>\n<!-- \/ Yoast SEO plugin. -->","yoast_head_json":{"title":"Terrenos en venta en Las Terrenas - Greenland Immo","description":"Descubra nuestros terrenos en venta en Las Terrenas con la agencia Greenland Immo, su mejor socio en el sitio. Estamos aqu\u00ed para ayudarle a invertir en proyectos inmobiliarios en Las Terrenas, Rep\u00fablica Dominicana.","robots":{"index":"index","follow":"follow","max-snippet":"max-snippet:-1","max-image-preview":"max-image-preview:large","max-video-preview":"max-video-preview:-1"},"canonical":"https:\/\/www.grindleyimmo.com\/es\/terrenos-venta-las-terrenas\/","og_locale":"es_ES","og_type":"article","og_title":"Terrenos en venta en Las Terrenas - Greenland Immo","og_description":"Descubra nuestros terrenos en venta en Las Terrenas con la agencia Greenland Immo, su mejor socio en el sitio. Estamos aqu\u00ed para ayudarle a invertir en proyectos inmobiliarios en Las Terrenas, Rep\u00fablica Dominicana.","og_url":"https:\/\/www.grindleyimmo.com\/es\/terrenos-venta-las-terrenas\/","og_site_name":"Greenland Immo","article_modified_time":"2024-03-22T15:14:48+00:00","twitter_misc":{"Tiempo de lectura":"1 minuto"},"schema":{"@context":"https:\/\/schema.org","@graph":[{"@type":"WebPage","@id":"https:\/\/www.grindleyimmo.com\/es\/terrenos-venta-las-terrenas\/","url":"https:\/\/www.grindleyimmo.com\/es\/terrenos-venta-las-terrenas\/","name":"Terrenos en venta en Las Terrenas - Greenland Immo","isPartOf":{"@id":"https:\/\/www.grindleyimmo.com\/es\/#website"},"datePublished":"2022-07-12T13:09:45+00:00","dateModified":"2024-03-22T15:14:48+00:00","description":"Descubra nuestros terrenos en venta en Las Terrenas con la agencia Greenland Immo, su mejor socio en el sitio. Estamos aqu\u00ed para ayudarle a invertir en proyectos inmobiliarios en Las Terrenas, Rep\u00fablica Dominicana.","inLanguage":"es","potentialAction":[{"@type":"ReadAction","target":["https:\/\/www.grindleyimmo.com\/es\/terrenos-venta-las-terrenas\/"]}]},{"@type":"WebSite","@id":"https:\/\/www.grindleyimmo.com\/es\/#website","url":"https:\/\/www.grindleyimmo.com\/es\/","name":"Greenland Immo","description":"Un site utilisant WordPress","potentialAction":[{"@type":"SearchAction","target":{"@type":"EntryPoint","urlTemplate":"https:\/\/www.grindleyimmo.com\/es\/?s={search_term_string}"},"query-input":{"@type":"PropertyValueSpecification","valueRequired":true,"valueName":"search_term_string"}}],"inLanguage":"es"}]}},"_links":{"self":[{"href":"https:\/\/www.grindleyimmo.com\/es\/wp-json\/wp\/v2\/pages\/32772","targetHints":{"allow":["GET"]}}],"collection":[{"href":"https:\/\/www.grindleyimmo.com\/es\/wp-json\/wp\/v2\/pages"}],"about":[{"href":"https:\/\/www.grindleyimmo.com\/es\/wp-json\/wp\/v2\/types\/page"}],"author":[{"embeddable":true,"href":"https:\/\/www.grindleyimmo.com\/es\/wp-json\/wp\/v2\/users\/1"}],"replies":[{"embeddable":true,"href":"https:\/\/www.grindleyimmo.com\/es\/wp-json\/wp\/v2\/comments?post=32772"}],"version-history":[{"count":1,"href":"https:\/\/www.grindleyimmo.com\/es\/wp-json\/wp\/v2\/pages\/32772\/revisions"}],"predecessor-version":[{"id":48579,"href":"https:\/\/www.grindleyimmo.com\/es\/wp-json\/wp\/v2\/pages\/32772\/revisions\/48579"}],"wp:attachment":[{"href":"https:\/\/www.grindleyimmo.com\/es\/wp-json\/wp\/v2\/media?parent=32772"}],"curies":[{"name":"wp","href":"https:\/\/api.w.org\/{rel}","templated":true}]}}