{"id":32800,"date":"2022-07-12T15:12:50","date_gmt":"2022-07-12T13:12:50","guid":{"rendered":"https:\/\/www.grindleyimmo.com\/alquiler-de-villas\/"},"modified":"2024-06-26T09:13:47","modified_gmt":"2024-06-26T07:13:47","slug":"alquiler-las-terrenas","status":"publish","type":"page","link":"https:\/\/www.grindleyimmo.com\/es\/alquiler-las-terrenas\/","title":{"rendered":"Alquiler de villa de temporada en Las Terrenas"},"content":{"rendered":"<p>El pueblo de Las Terrenas, en Rep\u00fablica Dominicana, se ha convertido en uno de los lugares de visita obligada del pa\u00eds para los visitantes que buscan autenticidad durante sus vacaciones.<\/p>\n<p>De hecho, Las Terrenas y la regi\u00f3n de Saman\u00e1 ofrecen paisajes impresionantes, as\u00ed como numerosas aventuras para los viajeros que vienen a pasar sus vacaciones all\u00ed.<\/p>\n<p>Tambi\u00e9n encontrar\u00e1s una gran comunidad de expatriados (franceses, italianos, canadienses, americanos) que han venido a disfrutar del ritmo caribe\u00f1o y de las playas paradis\u00edacas.<\/p>\n<p>La agencia Greenland Immo Real Estate Las Terrenas le ofrece villas de lujo en alquiler ofreciendo servicios de alta gama para unas vacaciones de ensue\u00f1o.<\/p>\n<p>Un servicio de limpieza diario est\u00e1 incluido en el precio del alquiler de la villa.<\/p>\n<p>&nbsp;<\/p>\n<p>NB: La mayor\u00eda de las villas ofrecidas est\u00e1n ubicadas en una residencia privada y segura, \u00abLas Nomadas\u00bb, que se encuentra directamente en la magn\u00edfica playa de Cos\u00f3n.<\/p>\n<p>Acceso a pie a la playa en tan solo unos minutos dentro de la residencia.<\/p>\n","protected":false},"excerpt":{"rendered":"<p>El pueblo de Las Terrenas, en Rep\u00fablica Dominicana, se ha convertido en uno de los lugares de visita obligada del pa\u00eds para los visitantes que buscan autenticidad durante sus vacaciones. De hecho, Las Terrenas y la regi\u00f3n de Saman\u00e1 ofrecen paisajes impresionantes, as\u00ed como numerosas aventuras para los viajeros que vienen a pasar sus vacaciones all\u00ed. Tambi\u00e9n encontrar\u00e1s una gran comunidad de expatriados (franceses, &#8230;<\/p>\n","protected":false},"author":1,"featured_media":0,"parent":0,"menu_order":0,"comment_status":"closed","ping_status":"closed","template":"property_list_directory.php","meta":{"_view_id":"","footnotes":""},"class_list":["post-32800","page","type-page","status-publish","hentry"],"yoast_head":"<!-- This site is optimized with the Yoast SEO plugin v24.0 - https:\/\/yoast.com\/wordpress\/plugins\/seo\/ -->\n<title>Alquiler de villa de temporada en Las Terrenas - Greenland Immo<\/title>\n<meta name=\"description\" content=\"P\u00f3ngase en contacto con Greenland Immo para ayudarle a encontrar villas en alquiler en Las Terrenas. Greenland Immo es el especialista en Las Terrenas.\" \/>\n<meta name=\"robots\" content=\"index, follow, max-snippet:-1, max-image-preview:large, max-video-preview:-1\" \/>\n<link rel=\"canonical\" href=\"https:\/\/www.grindleyimmo.com\/es\/alquiler-las-terrenas\/\" \/>\n<meta property=\"og:locale\" content=\"es_ES\" \/>\n<meta property=\"og:type\" content=\"article\" \/>\n<meta property=\"og:title\" content=\"Alquiler de villa de temporada en Las Terrenas - Greenland Immo\" \/>\n<meta property=\"og:description\" content=\"P\u00f3ngase en contacto con Greenland Immo para ayudarle a encontrar villas en alquiler en Las Terrenas. Greenland Immo es el especialista en Las Terrenas.\" \/>\n<meta property=\"og:url\" content=\"https:\/\/www.grindleyimmo.com\/es\/alquiler-las-terrenas\/\" \/>\n<meta property=\"og:site_name\" content=\"Greenland Immo\" \/>\n<meta property=\"article:modified_time\" content=\"2024-06-26T07:13:47+00:00\" \/>\n<meta name=\"twitter:label1\" content=\"Tiempo de lectura\" \/>\n\t<meta name=\"twitter:data1\" content=\"1 minuto\" \/>\n<script type=\"application\/ld+json\" class=\"yoast-schema-graph\">{\"@context\":\"https:\/\/schema.org\",\"@graph\":[{\"@type\":\"WebPage\",\"@id\":\"https:\/\/www.grindleyimmo.com\/es\/alquiler-las-terrenas\/\",\"url\":\"https:\/\/www.grindleyimmo.com\/es\/alquiler-las-terrenas\/\",\"name\":\"Alquiler de villa de temporada en Las Terrenas - Greenland Immo\",\"isPartOf\":{\"@id\":\"https:\/\/www.grindleyimmo.com\/es\/#website\"},\"datePublished\":\"2022-07-12T13:12:50+00:00\",\"dateModified\":\"2024-06-26T07:13:47+00:00\",\"description\":\"P\u00f3ngase en contacto con Greenland Immo para ayudarle a encontrar villas en alquiler en Las Terrenas. Greenland Immo es el especialista en Las Terrenas.\",\"inLanguage\":\"es\",\"potentialAction\":[{\"@type\":\"ReadAction\",\"target\":[\"https:\/\/www.grindleyimmo.com\/es\/alquiler-las-terrenas\/\"]}]},{\"@type\":\"WebSite\",\"@id\":\"https:\/\/www.grindleyimmo.com\/es\/#website\",\"url\":\"https:\/\/www.grindleyimmo.com\/es\/\",\"name\":\"Greenland Immo\",\"description\":\"Un site utilisant WordPress\",\"potentialAction\":[{\"@type\":\"SearchAction\",\"target\":{\"@type\":\"EntryPoint\",\"urlTemplate\":\"https:\/\/www.grindleyimmo.com\/es\/?s={search_term_string}\"},\"query-input\":{\"@type\":\"PropertyValueSpecification\",\"valueRequired\":true,\"valueName\":\"search_term_string\"}}],\"inLanguage\":\"es\"}]}<\/script>\n<!-- \/ Yoast SEO plugin. -->","yoast_head_json":{"title":"Alquiler de villa de temporada en Las Terrenas - Greenland Immo","description":"P\u00f3ngase en contacto con Greenland Immo para ayudarle a encontrar villas en alquiler en Las Terrenas. Greenland Immo es el especialista en Las Terrenas.","robots":{"index":"index","follow":"follow","max-snippet":"max-snippet:-1","max-image-preview":"max-image-preview:large","max-video-preview":"max-video-preview:-1"},"canonical":"https:\/\/www.grindleyimmo.com\/es\/alquiler-las-terrenas\/","og_locale":"es_ES","og_type":"article","og_title":"Alquiler de villa de temporada en Las Terrenas - Greenland Immo","og_description":"P\u00f3ngase en contacto con Greenland Immo para ayudarle a encontrar villas en alquiler en Las Terrenas. Greenland Immo es el especialista en Las Terrenas.","og_url":"https:\/\/www.grindleyimmo.com\/es\/alquiler-las-terrenas\/","og_site_name":"Greenland Immo","article_modified_time":"2024-06-26T07:13:47+00:00","twitter_misc":{"Tiempo de lectura":"1 minuto"},"schema":{"@context":"https:\/\/schema.org","@graph":[{"@type":"WebPage","@id":"https:\/\/www.grindleyimmo.com\/es\/alquiler-las-terrenas\/","url":"https:\/\/www.grindleyimmo.com\/es\/alquiler-las-terrenas\/","name":"Alquiler de villa de temporada en Las Terrenas - Greenland Immo","isPartOf":{"@id":"https:\/\/www.grindleyimmo.com\/es\/#website"},"datePublished":"2022-07-12T13:12:50+00:00","dateModified":"2024-06-26T07:13:47+00:00","description":"P\u00f3ngase en contacto con Greenland Immo para ayudarle a encontrar villas en alquiler en Las Terrenas. Greenland Immo es el especialista en Las Terrenas.","inLanguage":"es","potentialAction":[{"@type":"ReadAction","target":["https:\/\/www.grindleyimmo.com\/es\/alquiler-las-terrenas\/"]}]},{"@type":"WebSite","@id":"https:\/\/www.grindleyimmo.com\/es\/#website","url":"https:\/\/www.grindleyimmo.com\/es\/","name":"Greenland Immo","description":"Un site utilisant WordPress","potentialAction":[{"@type":"SearchAction","target":{"@type":"EntryPoint","urlTemplate":"https:\/\/www.grindleyimmo.com\/es\/?s={search_term_string}"},"query-input":{"@type":"PropertyValueSpecification","valueRequired":true,"valueName":"search_term_string"}}],"inLanguage":"es"}]}},"_links":{"self":[{"href":"https:\/\/www.grindleyimmo.com\/es\/wp-json\/wp\/v2\/pages\/32800","targetHints":{"allow":["GET"]}}],"collection":[{"href":"https:\/\/www.grindleyimmo.com\/es\/wp-json\/wp\/v2\/pages"}],"about":[{"href":"https:\/\/www.grindleyimmo.com\/es\/wp-json\/wp\/v2\/types\/page"}],"author":[{"embeddable":true,"href":"https:\/\/www.grindleyimmo.com\/es\/wp-json\/wp\/v2\/users\/1"}],"replies":[{"embeddable":true,"href":"https:\/\/www.grindleyimmo.com\/es\/wp-json\/wp\/v2\/comments?post=32800"}],"version-history":[{"count":4,"href":"https:\/\/www.grindleyimmo.com\/es\/wp-json\/wp\/v2\/pages\/32800\/revisions"}],"predecessor-version":[{"id":54129,"href":"https:\/\/www.grindleyimmo.com\/es\/wp-json\/wp\/v2\/pages\/32800\/revisions\/54129"}],"wp:attachment":[{"href":"https:\/\/www.grindleyimmo.com\/es\/wp-json\/wp\/v2\/media?parent=32800"}],"curies":[{"name":"wp","href":"https:\/\/api.w.org\/{rel}","templated":true}]}}