{"id":29619,"date":"2022-07-12T15:02:23","date_gmt":"2022-07-12T13:02:23","guid":{"rendered":"https:\/\/www.grindleyimmo.com\/?page_id=29619"},"modified":"2024-03-22T16:06:42","modified_gmt":"2024-03-22T15:06:42","slug":"vente-villa-maison-las-terrenas","status":"publish","type":"page","link":"https:\/\/www.grindleyimmo.com\/fr\/vente-villa-maison-las-terrenas\/","title":{"rendered":"Vente de villas \u00e0 Las Terrenas"},"content":{"rendered":"<div class=\"term-content\">\n<p>Au nord-est de la R\u00e9publique Dominicaine se situe la station baln\u00e9aire de Las Terrenas. L\u2019agence immobili\u00e8re Greenland Immo y propose \u00e0 ses clients des\u00a0<strong>villas de luxe<\/strong> pour r\u00e9aliser des investissements immobiliers int\u00e9ressants, ou pour y profiter des jours heureux.<\/p>\n<\/div>\n","protected":false},"excerpt":{"rendered":"<p>Au nord-est de la R\u00e9publique Dominicaine se situe la station baln\u00e9aire de Las Terrenas. L\u2019agence immobili\u00e8re Greenland Immo y propose \u00e0 ses clients des\u00a0villas de luxe pour r\u00e9aliser des investissements immobiliers int\u00e9ressants, ou pour y profiter des jours heureux.<\/p>\n","protected":false},"author":1,"featured_media":0,"parent":0,"menu_order":0,"comment_status":"closed","ping_status":"closed","template":"property_list_directory.php","meta":{"_view_id":"","footnotes":""},"class_list":["post-29619","page","type-page","status-publish","hentry"],"yoast_head":"<!-- This site is optimized with the Yoast SEO plugin v24.0 - https:\/\/yoast.com\/wordpress\/plugins\/seo\/ -->\n<title>Vente de villas \u00e0 Las Terrenas - Greenland Immo<\/title>\n<meta name=\"description\" content=\"Enfin d\u00e9cid\u00e9 \u00e0 vivre la vie dont vous r\u00eavez sous le soleil des Cara\u00efbes ? N&#039;attendez plus, Greenland Immo est le sp\u00e9cialiste de la Vente de villas \u00e0 Las Terrenas !\" \/>\n<meta name=\"robots\" content=\"index, follow, max-snippet:-1, max-image-preview:large, max-video-preview:-1\" \/>\n<link rel=\"canonical\" href=\"https:\/\/www.grindleyimmo.com\/fr\/vente-villa-maison-las-terrenas\/\" \/>\n<meta property=\"og:locale\" content=\"fr_FR\" \/>\n<meta property=\"og:type\" content=\"article\" \/>\n<meta property=\"og:title\" content=\"Vente de villas \u00e0 Las Terrenas - Greenland Immo\" \/>\n<meta property=\"og:description\" content=\"Enfin d\u00e9cid\u00e9 \u00e0 vivre la vie dont vous r\u00eavez sous le soleil des Cara\u00efbes ? N&#039;attendez plus, Greenland Immo est le sp\u00e9cialiste de la Vente de villas \u00e0 Las Terrenas !\" \/>\n<meta property=\"og:url\" content=\"https:\/\/www.grindleyimmo.com\/fr\/vente-villa-maison-las-terrenas\/\" \/>\n<meta property=\"og:site_name\" content=\"Greenland Immo\" \/>\n<meta property=\"article:modified_time\" content=\"2024-03-22T15:06:42+00:00\" \/>\n<meta name=\"twitter:label1\" content=\"Dur\u00e9e de lecture estim\u00e9e\" \/>\n\t<meta name=\"twitter:data1\" content=\"1 minute\" \/>\n<script type=\"application\/ld+json\" class=\"yoast-schema-graph\">{\"@context\":\"https:\/\/schema.org\",\"@graph\":[{\"@type\":\"WebPage\",\"@id\":\"https:\/\/www.grindleyimmo.com\/fr\/vente-villa-maison-las-terrenas\/\",\"url\":\"https:\/\/www.grindleyimmo.com\/fr\/vente-villa-maison-las-terrenas\/\",\"name\":\"Vente de villas \u00e0 Las Terrenas - Greenland Immo\",\"isPartOf\":{\"@id\":\"https:\/\/www.grindleyimmo.com\/fr\/#website\"},\"datePublished\":\"2022-07-12T13:02:23+00:00\",\"dateModified\":\"2024-03-22T15:06:42+00:00\",\"description\":\"Enfin d\u00e9cid\u00e9 \u00e0 vivre la vie dont vous r\u00eavez sous le soleil des Cara\u00efbes ? N'attendez plus, Greenland Immo est le sp\u00e9cialiste de la Vente de villas \u00e0 Las Terrenas !\",\"inLanguage\":\"fr-FR\",\"potentialAction\":[{\"@type\":\"ReadAction\",\"target\":[\"https:\/\/www.grindleyimmo.com\/fr\/vente-villa-maison-las-terrenas\/\"]}]},{\"@type\":\"WebSite\",\"@id\":\"https:\/\/www.grindleyimmo.com\/fr\/#website\",\"url\":\"https:\/\/www.grindleyimmo.com\/fr\/\",\"name\":\"Greenland Immo\",\"description\":\"Agence immobili\u00e8re \",\"potentialAction\":[{\"@type\":\"SearchAction\",\"target\":{\"@type\":\"EntryPoint\",\"urlTemplate\":\"https:\/\/www.grindleyimmo.com\/fr\/?s={search_term_string}\"},\"query-input\":{\"@type\":\"PropertyValueSpecification\",\"valueRequired\":true,\"valueName\":\"search_term_string\"}}],\"inLanguage\":\"fr-FR\"}]}<\/script>\n<!-- \/ Yoast SEO plugin. -->","yoast_head_json":{"title":"Vente de villas \u00e0 Las Terrenas - Greenland Immo","description":"Enfin d\u00e9cid\u00e9 \u00e0 vivre la vie dont vous r\u00eavez sous le soleil des Cara\u00efbes ? N'attendez plus, Greenland Immo est le sp\u00e9cialiste de la Vente de villas \u00e0 Las Terrenas !","robots":{"index":"index","follow":"follow","max-snippet":"max-snippet:-1","max-image-preview":"max-image-preview:large","max-video-preview":"max-video-preview:-1"},"canonical":"https:\/\/www.grindleyimmo.com\/fr\/vente-villa-maison-las-terrenas\/","og_locale":"fr_FR","og_type":"article","og_title":"Vente de villas \u00e0 Las Terrenas - Greenland Immo","og_description":"Enfin d\u00e9cid\u00e9 \u00e0 vivre la vie dont vous r\u00eavez sous le soleil des Cara\u00efbes ? N'attendez plus, Greenland Immo est le sp\u00e9cialiste de la Vente de villas \u00e0 Las Terrenas !","og_url":"https:\/\/www.grindleyimmo.com\/fr\/vente-villa-maison-las-terrenas\/","og_site_name":"Greenland Immo","article_modified_time":"2024-03-22T15:06:42+00:00","twitter_misc":{"Dur\u00e9e de lecture estim\u00e9e":"1 minute"},"schema":{"@context":"https:\/\/schema.org","@graph":[{"@type":"WebPage","@id":"https:\/\/www.grindleyimmo.com\/fr\/vente-villa-maison-las-terrenas\/","url":"https:\/\/www.grindleyimmo.com\/fr\/vente-villa-maison-las-terrenas\/","name":"Vente de villas \u00e0 Las Terrenas - Greenland Immo","isPartOf":{"@id":"https:\/\/www.grindleyimmo.com\/fr\/#website"},"datePublished":"2022-07-12T13:02:23+00:00","dateModified":"2024-03-22T15:06:42+00:00","description":"Enfin d\u00e9cid\u00e9 \u00e0 vivre la vie dont vous r\u00eavez sous le soleil des Cara\u00efbes ? N'attendez plus, Greenland Immo est le sp\u00e9cialiste de la Vente de villas \u00e0 Las Terrenas !","inLanguage":"fr-FR","potentialAction":[{"@type":"ReadAction","target":["https:\/\/www.grindleyimmo.com\/fr\/vente-villa-maison-las-terrenas\/"]}]},{"@type":"WebSite","@id":"https:\/\/www.grindleyimmo.com\/fr\/#website","url":"https:\/\/www.grindleyimmo.com\/fr\/","name":"Greenland Immo","description":"Agence immobili\u00e8re ","potentialAction":[{"@type":"SearchAction","target":{"@type":"EntryPoint","urlTemplate":"https:\/\/www.grindleyimmo.com\/fr\/?s={search_term_string}"},"query-input":{"@type":"PropertyValueSpecification","valueRequired":true,"valueName":"search_term_string"}}],"inLanguage":"fr-FR"}]}},"_links":{"self":[{"href":"https:\/\/www.grindleyimmo.com\/fr\/wp-json\/wp\/v2\/pages\/29619","targetHints":{"allow":["GET"]}}],"collection":[{"href":"https:\/\/www.grindleyimmo.com\/fr\/wp-json\/wp\/v2\/pages"}],"about":[{"href":"https:\/\/www.grindleyimmo.com\/fr\/wp-json\/wp\/v2\/types\/page"}],"author":[{"embeddable":true,"href":"https:\/\/www.grindleyimmo.com\/fr\/wp-json\/wp\/v2\/users\/1"}],"replies":[{"embeddable":true,"href":"https:\/\/www.grindleyimmo.com\/fr\/wp-json\/wp\/v2\/comments?post=29619"}],"version-history":[{"count":1,"href":"https:\/\/www.grindleyimmo.com\/fr\/wp-json\/wp\/v2\/pages\/29619\/revisions"}],"predecessor-version":[{"id":48573,"href":"https:\/\/www.grindleyimmo.com\/fr\/wp-json\/wp\/v2\/pages\/29619\/revisions\/48573"}],"wp:attachment":[{"href":"https:\/\/www.grindleyimmo.com\/fr\/wp-json\/wp\/v2\/media?parent=29619"}],"curies":[{"name":"wp","href":"https:\/\/api.w.org\/{rel}","templated":true}]}}