{"id":29622,"date":"2022-07-12T15:09:13","date_gmt":"2022-07-12T13:09:13","guid":{"rendered":"https:\/\/www.grindleyimmo.com\/?page_id=29622"},"modified":"2024-03-22T16:11:22","modified_gmt":"2024-03-22T15:11:22","slug":"vente-appartement-las-terrenas","status":"publish","type":"page","link":"https:\/\/www.grindleyimmo.com\/fr\/vente-appartement-las-terrenas\/","title":{"rendered":"Vente d&rsquo;appartements \u00e0 Las Terrenas"},"content":{"rendered":"<p>La R\u00e9publique Dominicaine et son soleil illuminant vos journ\u00e9es, son eau claire caressant ses kilom\u00e8tres de plages de sable fin\u2026 Faites de ce panorama paradisiaque votre nouveau domicile. Gr\u00e2ce \u00e0 Greenland Immo, trouvez votre bien d&rsquo;exception, en investissant dans un <strong>appartement \u00e0 vendre \u00e0 Las Terrenas<\/strong>. Faites confiance \u00e0 notre exp\u00e9rience et connaissance de cette ville baln\u00e9aire, afin d&rsquo;acheter un bien en toute s\u00e9curit\u00e9 et de mani\u00e8re sereine \u00e0 nos c\u00f4t\u00e9s. <strong>Notre mission : vous d\u00e9nicher la perle rare, l&rsquo;appartement dont vous avez toujours r\u00eav\u00e9.<\/strong><\/p>\n","protected":false},"excerpt":{"rendered":"<p>La R\u00e9publique Dominicaine et son soleil illuminant vos journ\u00e9es, son eau claire caressant ses kilom\u00e8tres de plages de sable fin\u2026 Faites de ce panorama paradisiaque votre nouveau domicile. Gr\u00e2ce \u00e0 Greenland Immo, trouvez votre bien d&rsquo;exception, en investissant dans un appartement \u00e0 vendre \u00e0 Las Terrenas. Faites confiance \u00e0 notre exp\u00e9rience et connaissance de cette ville baln\u00e9aire, afin d&rsquo;acheter un bien en toute s\u00e9curit\u00e9 &#8230;<\/p>\n","protected":false},"author":1,"featured_media":0,"parent":0,"menu_order":0,"comment_status":"closed","ping_status":"closed","template":"property_list_directory.php","meta":{"_view_id":"","footnotes":""},"class_list":["post-29622","page","type-page","status-publish","hentry"],"yoast_head":"<!-- This site is optimized with the Yoast SEO plugin v24.0 - https:\/\/yoast.com\/wordpress\/plugins\/seo\/ -->\n<title>Vente d&#039;appartements \u00e0 Las Terrenas - Greenland Immo<\/title>\n<meta name=\"description\" content=\"Changez de vie d\u00e8s maintenant et venez d\u00e9couvrir le climat des Cara\u00efbes ! L&#039;agence immobili\u00e8re Greenland Immo propose la Vente d&#039;appartement \u00e0 Las Terrenas\" \/>\n<meta name=\"robots\" content=\"index, follow, max-snippet:-1, max-image-preview:large, max-video-preview:-1\" \/>\n<link rel=\"canonical\" href=\"https:\/\/www.grindleyimmo.com\/fr\/vente-appartement-las-terrenas\/\" \/>\n<meta property=\"og:locale\" content=\"fr_FR\" \/>\n<meta property=\"og:type\" content=\"article\" \/>\n<meta property=\"og:title\" content=\"Vente d&#039;appartements \u00e0 Las Terrenas - Greenland Immo\" \/>\n<meta property=\"og:description\" content=\"Changez de vie d\u00e8s maintenant et venez d\u00e9couvrir le climat des Cara\u00efbes ! L&#039;agence immobili\u00e8re Greenland Immo propose la Vente d&#039;appartement \u00e0 Las Terrenas\" \/>\n<meta property=\"og:url\" content=\"https:\/\/www.grindleyimmo.com\/fr\/vente-appartement-las-terrenas\/\" \/>\n<meta property=\"og:site_name\" content=\"Greenland Immo\" \/>\n<meta property=\"article:modified_time\" content=\"2024-03-22T15:11:22+00:00\" \/>\n<meta name=\"twitter:label1\" content=\"Dur\u00e9e de lecture estim\u00e9e\" \/>\n\t<meta name=\"twitter:data1\" content=\"1 minute\" \/>\n<script type=\"application\/ld+json\" class=\"yoast-schema-graph\">{\"@context\":\"https:\/\/schema.org\",\"@graph\":[{\"@type\":\"WebPage\",\"@id\":\"https:\/\/www.grindleyimmo.com\/fr\/vente-appartement-las-terrenas\/\",\"url\":\"https:\/\/www.grindleyimmo.com\/fr\/vente-appartement-las-terrenas\/\",\"name\":\"Vente d'appartements \u00e0 Las Terrenas - Greenland Immo\",\"isPartOf\":{\"@id\":\"https:\/\/www.grindleyimmo.com\/fr\/#website\"},\"datePublished\":\"2022-07-12T13:09:13+00:00\",\"dateModified\":\"2024-03-22T15:11:22+00:00\",\"description\":\"Changez de vie d\u00e8s maintenant et venez d\u00e9couvrir le climat des Cara\u00efbes ! L'agence immobili\u00e8re Greenland Immo propose la Vente d'appartement \u00e0 Las Terrenas\",\"inLanguage\":\"fr-FR\",\"potentialAction\":[{\"@type\":\"ReadAction\",\"target\":[\"https:\/\/www.grindleyimmo.com\/fr\/vente-appartement-las-terrenas\/\"]}]},{\"@type\":\"WebSite\",\"@id\":\"https:\/\/www.grindleyimmo.com\/fr\/#website\",\"url\":\"https:\/\/www.grindleyimmo.com\/fr\/\",\"name\":\"Greenland Immo\",\"description\":\"Agence immobili\u00e8re \",\"potentialAction\":[{\"@type\":\"SearchAction\",\"target\":{\"@type\":\"EntryPoint\",\"urlTemplate\":\"https:\/\/www.grindleyimmo.com\/fr\/?s={search_term_string}\"},\"query-input\":{\"@type\":\"PropertyValueSpecification\",\"valueRequired\":true,\"valueName\":\"search_term_string\"}}],\"inLanguage\":\"fr-FR\"}]}<\/script>\n<!-- \/ Yoast SEO plugin. -->","yoast_head_json":{"title":"Vente d'appartements \u00e0 Las Terrenas - Greenland Immo","description":"Changez de vie d\u00e8s maintenant et venez d\u00e9couvrir le climat des Cara\u00efbes ! L'agence immobili\u00e8re Greenland Immo propose la Vente d'appartement \u00e0 Las Terrenas","robots":{"index":"index","follow":"follow","max-snippet":"max-snippet:-1","max-image-preview":"max-image-preview:large","max-video-preview":"max-video-preview:-1"},"canonical":"https:\/\/www.grindleyimmo.com\/fr\/vente-appartement-las-terrenas\/","og_locale":"fr_FR","og_type":"article","og_title":"Vente d'appartements \u00e0 Las Terrenas - Greenland Immo","og_description":"Changez de vie d\u00e8s maintenant et venez d\u00e9couvrir le climat des Cara\u00efbes ! L'agence immobili\u00e8re Greenland Immo propose la Vente d'appartement \u00e0 Las Terrenas","og_url":"https:\/\/www.grindleyimmo.com\/fr\/vente-appartement-las-terrenas\/","og_site_name":"Greenland Immo","article_modified_time":"2024-03-22T15:11:22+00:00","twitter_misc":{"Dur\u00e9e de lecture estim\u00e9e":"1 minute"},"schema":{"@context":"https:\/\/schema.org","@graph":[{"@type":"WebPage","@id":"https:\/\/www.grindleyimmo.com\/fr\/vente-appartement-las-terrenas\/","url":"https:\/\/www.grindleyimmo.com\/fr\/vente-appartement-las-terrenas\/","name":"Vente d'appartements \u00e0 Las Terrenas - Greenland Immo","isPartOf":{"@id":"https:\/\/www.grindleyimmo.com\/fr\/#website"},"datePublished":"2022-07-12T13:09:13+00:00","dateModified":"2024-03-22T15:11:22+00:00","description":"Changez de vie d\u00e8s maintenant et venez d\u00e9couvrir le climat des Cara\u00efbes ! L'agence immobili\u00e8re Greenland Immo propose la Vente d'appartement \u00e0 Las Terrenas","inLanguage":"fr-FR","potentialAction":[{"@type":"ReadAction","target":["https:\/\/www.grindleyimmo.com\/fr\/vente-appartement-las-terrenas\/"]}]},{"@type":"WebSite","@id":"https:\/\/www.grindleyimmo.com\/fr\/#website","url":"https:\/\/www.grindleyimmo.com\/fr\/","name":"Greenland Immo","description":"Agence immobili\u00e8re ","potentialAction":[{"@type":"SearchAction","target":{"@type":"EntryPoint","urlTemplate":"https:\/\/www.grindleyimmo.com\/fr\/?s={search_term_string}"},"query-input":{"@type":"PropertyValueSpecification","valueRequired":true,"valueName":"search_term_string"}}],"inLanguage":"fr-FR"}]}},"_links":{"self":[{"href":"https:\/\/www.grindleyimmo.com\/fr\/wp-json\/wp\/v2\/pages\/29622","targetHints":{"allow":["GET"]}}],"collection":[{"href":"https:\/\/www.grindleyimmo.com\/fr\/wp-json\/wp\/v2\/pages"}],"about":[{"href":"https:\/\/www.grindleyimmo.com\/fr\/wp-json\/wp\/v2\/types\/page"}],"author":[{"embeddable":true,"href":"https:\/\/www.grindleyimmo.com\/fr\/wp-json\/wp\/v2\/users\/1"}],"replies":[{"embeddable":true,"href":"https:\/\/www.grindleyimmo.com\/fr\/wp-json\/wp\/v2\/comments?post=29622"}],"version-history":[{"count":1,"href":"https:\/\/www.grindleyimmo.com\/fr\/wp-json\/wp\/v2\/pages\/29622\/revisions"}],"predecessor-version":[{"id":48575,"href":"https:\/\/www.grindleyimmo.com\/fr\/wp-json\/wp\/v2\/pages\/29622\/revisions\/48575"}],"wp:attachment":[{"href":"https:\/\/www.grindleyimmo.com\/fr\/wp-json\/wp\/v2\/media?parent=29622"}],"curies":[{"name":"wp","href":"https:\/\/api.w.org\/{rel}","templated":true}]}}