{"id":29624,"date":"2022-07-12T15:10:09","date_gmt":"2022-07-12T13:10:09","guid":{"rendered":"https:\/\/www.grindleyimmo.com\/?page_id=29624"},"modified":"2024-03-22T16:17:29","modified_gmt":"2024-03-22T15:17:29","slug":"vente-commerce-las-terrenas","status":"publish","type":"page","link":"https:\/\/www.grindleyimmo.com\/fr\/vente-commerce-las-terrenas\/","title":{"rendered":"Acheter un commerce \u00e0 Las Terrenas"},"content":{"rendered":"<div class=\"term-content\">\n<p>Acqu\u00e9rir son commerce ou son bien immobilier, c\u2019est le r\u00eave de beaucoup de personnes. Cependant, les d\u00e9marches peuvent para\u00eetre compliqu\u00e9es lorsque l\u2019on n\u2019est pas guid\u00e9. L\u2019agence immobili\u00e8re Greenland Immo conna\u00eet parfaitement la l\u00e9gislation immobili\u00e8re et le march\u00e9 local de la R\u00e9publique Dominicaine.<\/p>\n<\/div>\n","protected":false},"excerpt":{"rendered":"<p>Acqu\u00e9rir son commerce ou son bien immobilier, c\u2019est le r\u00eave de beaucoup de personnes. Cependant, les d\u00e9marches peuvent para\u00eetre compliqu\u00e9es lorsque l\u2019on n\u2019est pas guid\u00e9. L\u2019agence immobili\u00e8re Greenland Immo conna\u00eet parfaitement la l\u00e9gislation immobili\u00e8re et le march\u00e9 local de la R\u00e9publique Dominicaine.<\/p>\n","protected":false},"author":1,"featured_media":0,"parent":0,"menu_order":0,"comment_status":"closed","ping_status":"closed","template":"property_list_directory.php","meta":{"_view_id":"","footnotes":""},"class_list":["post-29624","page","type-page","status-publish","hentry"],"yoast_head":"<!-- This site is optimized with the Yoast SEO plugin v24.0 - https:\/\/yoast.com\/wordpress\/plugins\/seo\/ -->\n<title>Acheter un commerce \u00e0 Las Terrenas - Grindley Immobilie<\/title>\n<meta name=\"description\" content=\"Vous voulez changer de vie, vous \u00e9vadez ? Acheter un commerce \u00e0 Las Terrenas et faites vous accompagner dans votre projet par Greenland Immobilier.\" \/>\n<meta name=\"robots\" content=\"index, follow, max-snippet:-1, max-image-preview:large, max-video-preview:-1\" \/>\n<link rel=\"canonical\" href=\"https:\/\/www.grindleyimmo.com\/fr\/vente-commerce-las-terrenas\/\" \/>\n<meta property=\"og:locale\" content=\"fr_FR\" \/>\n<meta property=\"og:type\" content=\"article\" \/>\n<meta property=\"og:title\" content=\"Acheter un commerce \u00e0 Las Terrenas - Grindley Immobilie\" \/>\n<meta property=\"og:description\" content=\"Vous voulez changer de vie, vous \u00e9vadez ? Acheter un commerce \u00e0 Las Terrenas et faites vous accompagner dans votre projet par Greenland Immobilier.\" \/>\n<meta property=\"og:url\" content=\"https:\/\/www.grindleyimmo.com\/fr\/vente-commerce-las-terrenas\/\" \/>\n<meta property=\"og:site_name\" content=\"Greenland Immo\" \/>\n<meta property=\"article:modified_time\" content=\"2024-03-22T15:17:29+00:00\" \/>\n<meta name=\"twitter:label1\" content=\"Dur\u00e9e de lecture estim\u00e9e\" \/>\n\t<meta name=\"twitter:data1\" content=\"1 minute\" \/>\n<script type=\"application\/ld+json\" class=\"yoast-schema-graph\">{\"@context\":\"https:\/\/schema.org\",\"@graph\":[{\"@type\":\"WebPage\",\"@id\":\"https:\/\/www.grindleyimmo.com\/fr\/vente-commerce-las-terrenas\/\",\"url\":\"https:\/\/www.grindleyimmo.com\/fr\/vente-commerce-las-terrenas\/\",\"name\":\"Acheter un commerce \u00e0 Las Terrenas - Grindley Immobilie\",\"isPartOf\":{\"@id\":\"https:\/\/www.grindleyimmo.com\/fr\/#website\"},\"datePublished\":\"2022-07-12T13:10:09+00:00\",\"dateModified\":\"2024-03-22T15:17:29+00:00\",\"description\":\"Vous voulez changer de vie, vous \u00e9vadez ? Acheter un commerce \u00e0 Las Terrenas et faites vous accompagner dans votre projet par Greenland Immobilier.\",\"inLanguage\":\"fr-FR\",\"potentialAction\":[{\"@type\":\"ReadAction\",\"target\":[\"https:\/\/www.grindleyimmo.com\/fr\/vente-commerce-las-terrenas\/\"]}]},{\"@type\":\"WebSite\",\"@id\":\"https:\/\/www.grindleyimmo.com\/fr\/#website\",\"url\":\"https:\/\/www.grindleyimmo.com\/fr\/\",\"name\":\"Greenland Immo\",\"description\":\"Agence immobili\u00e8re \",\"potentialAction\":[{\"@type\":\"SearchAction\",\"target\":{\"@type\":\"EntryPoint\",\"urlTemplate\":\"https:\/\/www.grindleyimmo.com\/fr\/?s={search_term_string}\"},\"query-input\":{\"@type\":\"PropertyValueSpecification\",\"valueRequired\":true,\"valueName\":\"search_term_string\"}}],\"inLanguage\":\"fr-FR\"}]}<\/script>\n<!-- \/ Yoast SEO plugin. -->","yoast_head_json":{"title":"Acheter un commerce \u00e0 Las Terrenas - Grindley Immobilie","description":"Vous voulez changer de vie, vous \u00e9vadez ? Acheter un commerce \u00e0 Las Terrenas et faites vous accompagner dans votre projet par Greenland Immobilier.","robots":{"index":"index","follow":"follow","max-snippet":"max-snippet:-1","max-image-preview":"max-image-preview:large","max-video-preview":"max-video-preview:-1"},"canonical":"https:\/\/www.grindleyimmo.com\/fr\/vente-commerce-las-terrenas\/","og_locale":"fr_FR","og_type":"article","og_title":"Acheter un commerce \u00e0 Las Terrenas - Grindley Immobilie","og_description":"Vous voulez changer de vie, vous \u00e9vadez ? Acheter un commerce \u00e0 Las Terrenas et faites vous accompagner dans votre projet par Greenland Immobilier.","og_url":"https:\/\/www.grindleyimmo.com\/fr\/vente-commerce-las-terrenas\/","og_site_name":"Greenland Immo","article_modified_time":"2024-03-22T15:17:29+00:00","twitter_misc":{"Dur\u00e9e de lecture estim\u00e9e":"1 minute"},"schema":{"@context":"https:\/\/schema.org","@graph":[{"@type":"WebPage","@id":"https:\/\/www.grindleyimmo.com\/fr\/vente-commerce-las-terrenas\/","url":"https:\/\/www.grindleyimmo.com\/fr\/vente-commerce-las-terrenas\/","name":"Acheter un commerce \u00e0 Las Terrenas - Grindley Immobilie","isPartOf":{"@id":"https:\/\/www.grindleyimmo.com\/fr\/#website"},"datePublished":"2022-07-12T13:10:09+00:00","dateModified":"2024-03-22T15:17:29+00:00","description":"Vous voulez changer de vie, vous \u00e9vadez ? Acheter un commerce \u00e0 Las Terrenas et faites vous accompagner dans votre projet par Greenland Immobilier.","inLanguage":"fr-FR","potentialAction":[{"@type":"ReadAction","target":["https:\/\/www.grindleyimmo.com\/fr\/vente-commerce-las-terrenas\/"]}]},{"@type":"WebSite","@id":"https:\/\/www.grindleyimmo.com\/fr\/#website","url":"https:\/\/www.grindleyimmo.com\/fr\/","name":"Greenland Immo","description":"Agence immobili\u00e8re ","potentialAction":[{"@type":"SearchAction","target":{"@type":"EntryPoint","urlTemplate":"https:\/\/www.grindleyimmo.com\/fr\/?s={search_term_string}"},"query-input":{"@type":"PropertyValueSpecification","valueRequired":true,"valueName":"search_term_string"}}],"inLanguage":"fr-FR"}]}},"_links":{"self":[{"href":"https:\/\/www.grindleyimmo.com\/fr\/wp-json\/wp\/v2\/pages\/29624","targetHints":{"allow":["GET"]}}],"collection":[{"href":"https:\/\/www.grindleyimmo.com\/fr\/wp-json\/wp\/v2\/pages"}],"about":[{"href":"https:\/\/www.grindleyimmo.com\/fr\/wp-json\/wp\/v2\/types\/page"}],"author":[{"embeddable":true,"href":"https:\/\/www.grindleyimmo.com\/fr\/wp-json\/wp\/v2\/users\/1"}],"replies":[{"embeddable":true,"href":"https:\/\/www.grindleyimmo.com\/fr\/wp-json\/wp\/v2\/comments?post=29624"}],"version-history":[{"count":1,"href":"https:\/\/www.grindleyimmo.com\/fr\/wp-json\/wp\/v2\/pages\/29624\/revisions"}],"predecessor-version":[{"id":48581,"href":"https:\/\/www.grindleyimmo.com\/fr\/wp-json\/wp\/v2\/pages\/29624\/revisions\/48581"}],"wp:attachment":[{"href":"https:\/\/www.grindleyimmo.com\/fr\/wp-json\/wp\/v2\/media?parent=29624"}],"curies":[{"name":"wp","href":"https:\/\/api.w.org\/{rel}","templated":true}]}}