{"id":2972,"date":"2014-10-22T12:36:54","date_gmt":"2014-10-22T10:36:54","guid":{"rendered":"http:\/\/wpresidence.net\/?page_id=2972"},"modified":"2023-11-15T16:31:38","modified_gmt":"2023-11-15T15:31:38","slug":"mentions-legales","status":"publish","type":"page","link":"https:\/\/www.grindleyimmo.com\/fr\/mentions-legales\/","title":{"rendered":"Mentions L\u00e9gales"},"content":{"rendered":"<p><strong>Editeur<\/strong><\/p>\n<p>Ce site Internet est \u00e9dit\u00e9 par la soci\u00e9t\u00e9 Greenland Immo,<br \/>\nSon si\u00e8ge social se situe: Centro comercial El Paseo de la Costanera Las Terrenas R\u00e9publique Dominicaine<\/p>\n<p><strong>Protection des donn\u00e9es personnelles<\/strong><\/p>\n<p>Conform\u00e9ment \u00e0 la loi \u00ab Informatique et Libert\u00e9s \u00bb du 6 janvier 1978, vous disposez d\u2019un droit d\u2019acc\u00e8s, de modification, de rectification et de suppression des donn\u00e9es qui vous concernent. Vous pouvez exercer ce droit en envoyant un message \u00e0 : info@greenlandimmo.com Ce site Internet est enregistr\u00e9 et Les liens hypertextes pr\u00e9sents sur ce site Internet et aiguillant les utilisateurs vers d\u2019autres sites Internet n\u2019engagent pas la responsabilit\u00e9 de la r\u00e9daction quant au contenu de ces sites.<\/p>\n<p><strong>Directeur de la publication<\/strong><\/p>\n<p>Le directeur de publication est M. Gabriel Turquois.<\/p>\n<p><strong>Conception et r\u00e9alisation<\/strong><\/p>\n<p>Ce site a \u00e9t\u00e9 r\u00e9alis\u00e9 par l\u2019agence Web <a href=\"https:\/\/www.dioqa.com\/\" target=\"_blank\" rel=\"noopener nofollow\">Dioqa<\/a>. Ce site est d\u00e9velopp\u00e9 avec la technologie WordPress.<\/p>\n<p><strong>H\u00e9bergement<\/strong><\/p>\n<p>Ce site est h\u00e9berg\u00e9 par Celeonet, 43 Av. Louis Luc, 94600 Choisy-le-Roi.<\/p>\n<p><strong>Cr\u00e9dits Photos<\/strong><\/p>\n<p>Reproduction interdite, tous droits r\u00e9serv\u00e9s.<\/p>\n<p><strong><br \/>\nInformations d&rsquo;identification personnelles<\/strong><\/p>\n<p>Nous pouvons recueillir des informations d&rsquo;identification personnelle aupr\u00e8s des Utilisateurs de diverses mani\u00e8res en relation avec les activit\u00e9s, services, fonctionnalit\u00e9s ou ressources que nous mettons \u00e0 disposition sur notre Site&#8230;. Les utilisateurs peuvent visiter notre site de mani\u00e8re anonyme. Nous ne recueillons des informations d&rsquo;identification personnelle aupr\u00e8s des utilisateurs que s&rsquo;ils nous les soumettent volontairement. Les utilisateurs peuvent toujours refuser de fournir des informations d&rsquo;identification personnelle, sauf que cela peut les emp\u00eacher de s&rsquo;engager dans certaines activit\u00e9s li\u00e9es au Site.<\/p>\n<p><strong>Informations d&rsquo;identification non personnelles<\/strong><\/p>\n<p>Nous pouvons recueillir des informations d&rsquo;identification non personnelles sur les utilisateurs lorsqu&rsquo;ils interagissent avec notre site. Les informations d&rsquo;identification non personnelles peuvent inclure le nom du navigateur, le type d&rsquo;ordinateur et des informations techniques sur les moyens de connexion des utilisateurs \u00e0 notre site, comme le syst\u00e8me d&rsquo;exploitation et les fournisseurs d&rsquo;acc\u00e8s \u00e0 Internet utilis\u00e9s, ainsi que d&rsquo;autres informations similaires.<\/p>\n<p><strong>Cookies de navigateur web<\/strong><\/p>\n<p>Notre Site peut utiliser des \u00ab\u00a0cookies\u00a0\u00bb pour am\u00e9liorer l&rsquo;exp\u00e9rience de l&rsquo;Utilisateur. Le navigateur web de l&rsquo;utilisateur place des cookies sur son disque dur \u00e0 des fins d&rsquo;archivage et parfois pour suivre des informations le concernant. L&rsquo;Utilisateur peut choisir de configurer son navigateur Web pour qu&rsquo;il refuse les cookies ou pour qu&rsquo;il vous avertisse lorsque des cookies sont envoy\u00e9s. Dans ce cas, il est \u00e0 noter que certaines parties du site peuvent ne pas fonctionner correctement.<\/p>\n<p><strong>Votre acceptation de ces conditions<\/strong><\/p>\n<p>En utilisant ce site, vous signifiez votre acceptation de cette politique. Si vous n&rsquo;acceptez pas cette politique, veuillez ne pas utiliser notre Site. Si vous continuez \u00e0 utiliser le Site apr\u00e8s la publication de modifications de la pr\u00e9sente politique, vous serez r\u00e9put\u00e9 avoir accept\u00e9 ces modifications.<\/p>\n<h6><span style=\"color: #c0c0c0;\">Les marques et les logos pr\u00e9sents sur ce site Internet sont d\u00e9pos\u00e9s par leurs propri\u00e9taires respectifs.<\/span> <span style=\"color: #c0c0c0;\"> <em>\u00a9 sellingpix \u2013 Fotolia.com, \u00a9 ra2 studio \u2013 Fotolia.com, \u00a9 INFINITY \u2013 Fotolia.com.GreenlandImmo pour toutes les photographies des biens immobiliers et ou leur propri\u00e9taires respectifs.<\/em><\/span><\/h6>\n","protected":false},"excerpt":{"rendered":"<p>Editeur Ce site Internet est \u00e9dit\u00e9 par la soci\u00e9t\u00e9 Greenland Immo, Son si\u00e8ge social se situe: Centro comercial El Paseo de la Costanera Las Terrenas R\u00e9publique Dominicaine Protection des donn\u00e9es personnelles Conform\u00e9ment \u00e0 la loi \u00ab Informatique et Libert\u00e9s \u00bb du 6 janvier 1978, vous disposez d\u2019un droit d\u2019acc\u00e8s, de modification, de rectification et de suppression des donn\u00e9es qui vous concernent. Vous pouvez exercer &#8230;<\/p>\n","protected":false},"author":1,"featured_media":0,"parent":0,"menu_order":0,"comment_status":"closed","ping_status":"closed","template":"terms_conditions.php","meta":{"_view_id":"","footnotes":""},"class_list":["post-2972","page","type-page","status-publish","hentry"],"yoast_head":"<!-- This site is optimized with the Yoast SEO plugin v24.0 - https:\/\/yoast.com\/wordpress\/plugins\/seo\/ -->\n<title>Mentions L\u00e9gales - Greenland Immo<\/title>\n<meta name=\"robots\" content=\"index, follow, max-snippet:-1, max-image-preview:large, max-video-preview:-1\" \/>\n<link rel=\"canonical\" href=\"https:\/\/www.grindleyimmo.com\/fr\/mentions-legales\/\" \/>\n<meta property=\"og:locale\" content=\"fr_FR\" \/>\n<meta property=\"og:type\" content=\"article\" \/>\n<meta property=\"og:title\" content=\"Mentions L\u00e9gales - Greenland Immo\" \/>\n<meta property=\"og:description\" content=\"Editeur Ce site Internet est \u00e9dit\u00e9 par la soci\u00e9t\u00e9 Greenland Immo, Son si\u00e8ge social se situe: Centro comercial El Paseo de la Costanera Las Terrenas R\u00e9publique Dominicaine Protection des donn\u00e9es personnelles Conform\u00e9ment \u00e0 la loi \u00ab Informatique et Libert\u00e9s \u00bb du 6 janvier 1978, vous disposez d\u2019un droit d\u2019acc\u00e8s, de modification, de rectification et de suppression des donn\u00e9es qui vous concernent. Vous pouvez exercer ...\" \/>\n<meta property=\"og:url\" content=\"https:\/\/www.grindleyimmo.com\/fr\/mentions-legales\/\" \/>\n<meta property=\"og:site_name\" content=\"Greenland Immo\" \/>\n<meta property=\"article:modified_time\" content=\"2023-11-15T15:31:38+00:00\" \/>\n<meta name=\"twitter:label1\" content=\"Dur\u00e9e de lecture estim\u00e9e\" \/>\n\t<meta name=\"twitter:data1\" content=\"3 minutes\" \/>\n<script type=\"application\/ld+json\" class=\"yoast-schema-graph\">{\"@context\":\"https:\/\/schema.org\",\"@graph\":[{\"@type\":\"WebPage\",\"@id\":\"https:\/\/www.grindleyimmo.com\/fr\/mentions-legales\/\",\"url\":\"https:\/\/www.grindleyimmo.com\/fr\/mentions-legales\/\",\"name\":\"Mentions L\u00e9gales - Greenland Immo\",\"isPartOf\":{\"@id\":\"https:\/\/www.grindleyimmo.com\/fr\/#website\"},\"datePublished\":\"2014-10-22T10:36:54+00:00\",\"dateModified\":\"2023-11-15T15:31:38+00:00\",\"inLanguage\":\"fr-FR\",\"potentialAction\":[{\"@type\":\"ReadAction\",\"target\":[\"https:\/\/www.grindleyimmo.com\/fr\/mentions-legales\/\"]}]},{\"@type\":\"WebSite\",\"@id\":\"https:\/\/www.grindleyimmo.com\/fr\/#website\",\"url\":\"https:\/\/www.grindleyimmo.com\/fr\/\",\"name\":\"Greenland Immo\",\"description\":\"Agence immobili\u00e8re \",\"potentialAction\":[{\"@type\":\"SearchAction\",\"target\":{\"@type\":\"EntryPoint\",\"urlTemplate\":\"https:\/\/www.grindleyimmo.com\/fr\/?s={search_term_string}\"},\"query-input\":{\"@type\":\"PropertyValueSpecification\",\"valueRequired\":true,\"valueName\":\"search_term_string\"}}],\"inLanguage\":\"fr-FR\"}]}<\/script>\n<!-- \/ Yoast SEO plugin. -->","yoast_head_json":{"title":"Mentions L\u00e9gales - Greenland Immo","robots":{"index":"index","follow":"follow","max-snippet":"max-snippet:-1","max-image-preview":"max-image-preview:large","max-video-preview":"max-video-preview:-1"},"canonical":"https:\/\/www.grindleyimmo.com\/fr\/mentions-legales\/","og_locale":"fr_FR","og_type":"article","og_title":"Mentions L\u00e9gales - Greenland Immo","og_description":"Editeur Ce site Internet est \u00e9dit\u00e9 par la soci\u00e9t\u00e9 Greenland Immo, Son si\u00e8ge social se situe: Centro comercial El Paseo de la Costanera Las Terrenas R\u00e9publique Dominicaine Protection des donn\u00e9es personnelles Conform\u00e9ment \u00e0 la loi \u00ab Informatique et Libert\u00e9s \u00bb du 6 janvier 1978, vous disposez d\u2019un droit d\u2019acc\u00e8s, de modification, de rectification et de suppression des donn\u00e9es qui vous concernent. Vous pouvez exercer ...","og_url":"https:\/\/www.grindleyimmo.com\/fr\/mentions-legales\/","og_site_name":"Greenland Immo","article_modified_time":"2023-11-15T15:31:38+00:00","twitter_misc":{"Dur\u00e9e de lecture estim\u00e9e":"3 minutes"},"schema":{"@context":"https:\/\/schema.org","@graph":[{"@type":"WebPage","@id":"https:\/\/www.grindleyimmo.com\/fr\/mentions-legales\/","url":"https:\/\/www.grindleyimmo.com\/fr\/mentions-legales\/","name":"Mentions L\u00e9gales - Greenland Immo","isPartOf":{"@id":"https:\/\/www.grindleyimmo.com\/fr\/#website"},"datePublished":"2014-10-22T10:36:54+00:00","dateModified":"2023-11-15T15:31:38+00:00","inLanguage":"fr-FR","potentialAction":[{"@type":"ReadAction","target":["https:\/\/www.grindleyimmo.com\/fr\/mentions-legales\/"]}]},{"@type":"WebSite","@id":"https:\/\/www.grindleyimmo.com\/fr\/#website","url":"https:\/\/www.grindleyimmo.com\/fr\/","name":"Greenland Immo","description":"Agence immobili\u00e8re ","potentialAction":[{"@type":"SearchAction","target":{"@type":"EntryPoint","urlTemplate":"https:\/\/www.grindleyimmo.com\/fr\/?s={search_term_string}"},"query-input":{"@type":"PropertyValueSpecification","valueRequired":true,"valueName":"search_term_string"}}],"inLanguage":"fr-FR"}]}},"_links":{"self":[{"href":"https:\/\/www.grindleyimmo.com\/fr\/wp-json\/wp\/v2\/pages\/2972","targetHints":{"allow":["GET"]}}],"collection":[{"href":"https:\/\/www.grindleyimmo.com\/fr\/wp-json\/wp\/v2\/pages"}],"about":[{"href":"https:\/\/www.grindleyimmo.com\/fr\/wp-json\/wp\/v2\/types\/page"}],"author":[{"embeddable":true,"href":"https:\/\/www.grindleyimmo.com\/fr\/wp-json\/wp\/v2\/users\/1"}],"replies":[{"embeddable":true,"href":"https:\/\/www.grindleyimmo.com\/fr\/wp-json\/wp\/v2\/comments?post=2972"}],"version-history":[{"count":0,"href":"https:\/\/www.grindleyimmo.com\/fr\/wp-json\/wp\/v2\/pages\/2972\/revisions"}],"wp:attachment":[{"href":"https:\/\/www.grindleyimmo.com\/fr\/wp-json\/wp\/v2\/media?parent=2972"}],"curies":[{"name":"wp","href":"https:\/\/api.w.org\/{rel}","templated":true}]}}